{"id":4465,"date":"2023-04-21T18:33:26","date_gmt":"2023-04-21T19:33:26","guid":{"rendered":"https:\/\/marinalounge.pt\/?page_id=4465"},"modified":"2023-04-22T04:41:40","modified_gmt":"2023-04-22T05:41:40","slug":"parking","status":"publish","type":"page","link":"https:\/\/marinalounge.pt\/en\/parking\/","title":{"rendered":"PARKING"},"content":{"rendered":"<style>.elementor-4465 .elementor-element.elementor-element-7c701354:not(.elementor-motion-effects-element-type-background), .elementor-4465 .elementor-element.elementor-element-7c701354 > .elementor-motion-effects-container > .elementor-motion-effects-layer{background-image:url(\"https:\/\/marinalounge.pt\/wp-content\/uploads\/2023\/04\/citywalkspdl.jpg\");background-position:0px -496px;background-repeat:no-repeat;background-size:cover;}.elementor-4465 .elementor-element.elementor-element-7c701354 > .elementor-background-overlay{background-color:transparent;background-image:linear-gradient(180deg, #313E6400 0%, var( --e-global-color-primary ) 90%);opacity:0.73;transition:background 0.3s, border-radius 0.3s, opacity 0.3s;}.elementor-4465 .elementor-element.elementor-element-7c701354{transition:background 0.3s, border 0.3s, border-radius 0.3s, box-shadow 0.3s;padding:0% 0% 0% 0%;}.elementor-4465 .elementor-element.elementor-element-7a87dbe8 > .elementor-element-populated{margin:0px 0px 0px 0px;--e-column-margin-right:0px;--e-column-margin-left:0px;padding:0em 0em 0em 0em;}.elementor-4465 .elementor-element.elementor-element-305ba2c9 > .elementor-container{max-width:1140px;}.elementor-4465 .elementor-element.elementor-element-305ba2c9 > .elementor-background-overlay{opacity:1;transition:background 0.3s, border-radius 0.3s, opacity 0.3s;}.elementor-4465 .elementor-element.elementor-element-305ba2c9{transition:background 0.3s, border 0.3s, border-radius 0.3s, box-shadow 0.3s;padding:9% 0% 7% 0%;}.elementor-4465 .elementor-element.elementor-element-41602ad6 > .elementor-element-populated{padding:2em 2em 2em 2em;}.elementor-4465 .elementor-element.elementor-element-36533094{text-align:center;}.elementor-4465 .elementor-element.elementor-element-36533094 .elementor-heading-title{color:var( --e-global-color-text );}.elementor-4465 .elementor-element.elementor-element-59bc3de0 > .elementor-widget-container{margin:-20px 0px 0px 0px;}.elementor-4465 .elementor-element.elementor-element-59bc3de0{text-align:center;}.elementor-4465 .elementor-element.elementor-element-59bc3de0 .elementor-heading-title{font-size:28px;font-weight:400;letter-spacing:5.5px;color:var( --e-global-color-text );}.elementor-4465 .elementor-element.elementor-element-558a46de{transition:background 0.3s, border 0.3s, border-radius 0.3s, box-shadow 0.3s;padding:5em 0em 7em 0em;}.elementor-4465 .elementor-element.elementor-element-558a46de > .elementor-background-overlay{transition:background 0.3s, border-radius 0.3s, opacity 0.3s;}.elementor-4465 .elementor-element.elementor-element-500f024c > .elementor-container{max-width:720px;}.elementor-4465 .elementor-element.elementor-element-711eaea0 > .elementor-element-populated{padding:2em 2em 2em 2em;}.elementor-4465 .elementor-element.elementor-element-1ecbc09b{text-align:center;}.elementor-4465 .elementor-element.elementor-element-1ecbc09b .elementor-heading-title{color:#398AB9;}.elementor-4465 .elementor-element.elementor-element-5a0bae61{text-align:center;color:#000000;}.elementor-4465 .elementor-element.elementor-element-827adf3 .osm-map-container{width:100%;height:600px;z-index:0;}.elementor-4465 .elementor-element.elementor-element-827adf3 .marker-title .elementor-heading-title{margin:0px 0px 0px 0px;}.elementor-4465 .elementor-element.elementor-element-827adf3 .marker-content .marker-description{padding:0px 0px 5px 0px;}.elementor-4465 .elementor-element.elementor-element-827adf3 .marker-button .elementor-button{font-weight:700;text-decoration:none;fill:var( --e-global-color-text );color:var( --e-global-color-text );}:root{--page-title-display:none;}@media(max-width:1024px){.elementor-4465 .elementor-element.elementor-element-7c701354:not(.elementor-motion-effects-element-type-background), .elementor-4465 .elementor-element.elementor-element-7c701354 > .elementor-motion-effects-container > .elementor-motion-effects-layer{background-position:bottom center;}.elementor-4465 .elementor-element.elementor-element-7c701354{padding:0em 0em 0em 0em;}.elementor-4465 .elementor-element.elementor-element-305ba2c9{padding:9em 0em 7em 0em;}.elementor-4465 .elementor-element.elementor-element-36533094 .elementor-heading-title{letter-spacing:-1px;}.elementor-4465 .elementor-element.elementor-element-558a46de{padding:5em 0em 3em 0em;}.elementor-4465 .elementor-element.elementor-element-827adf3 .osm-map-container{height:420px;}}@media(max-width:767px){.elementor-4465 .elementor-element.elementor-element-7c701354{padding:0em 0em 0em 0em;}.elementor-4465 .elementor-element.elementor-element-305ba2c9{padding:7em 0em 3em 0em;}.elementor-4465 .elementor-element.elementor-element-558a46de{padding:0em 0em 2em 0em;}.elementor-4465 .elementor-element.elementor-element-72e92c7f > .elementor-element-populated{padding:0px 0px 0px 0px;}.elementor-4465 .elementor-element.elementor-element-500f024c{padding:40px 0px 0px 0px;}}@media(min-width:1201px){.elementor-4465 .elementor-element.elementor-element-7c701354:not(.elementor-motion-effects-element-type-background), .elementor-4465 .elementor-element.elementor-element-7c701354 > .elementor-motion-effects-container > .elementor-motion-effects-layer{background-attachment:fixed;}}<\/style>\t\t<div data-elementor-type=\"wp-page\" data-elementor-id=\"4465\" class=\"elementor elementor-4465\">\n\t\t\t\t\t\t<section class=\"elementor-section elementor-top-section elementor-element elementor-element-7c701354 elementor-section-full_width elementor-section-height-default elementor-section-height-default\" data-id=\"7c701354\" data-element_type=\"section\" data-settings=\"{&quot;background_background&quot;:&quot;classic&quot;}\">\n\t\t\t\t\t\t\t<div class=\"elementor-background-overlay\"><\/div>\n\t\t\t\t\t\t\t<div class=\"elementor-container elementor-column-gap-no\">\n\t\t\t\t\t<div class=\"elementor-column elementor-col-100 elementor-top-column elementor-element elementor-element-7a87dbe8\" data-id=\"7a87dbe8\" data-element_type=\"column\">\n\t\t\t<div class=\"elementor-widget-wrap elementor-element-populated\">\n\t\t\t\t\t\t<section class=\"elementor-section elementor-inner-section elementor-element elementor-element-305ba2c9 elementor-section-boxed elementor-section-height-default elementor-section-height-default\" data-id=\"305ba2c9\" data-element_type=\"section\" data-settings=\"{&quot;background_background&quot;:&quot;classic&quot;}\">\n\t\t\t\t\t\t\t<div class=\"elementor-background-overlay\"><\/div>\n\t\t\t\t\t\t\t<div class=\"elementor-container elementor-column-gap-default\">\n\t\t\t\t\t<div class=\"elementor-column elementor-col-100 elementor-inner-column elementor-element elementor-element-41602ad6\" data-id=\"41602ad6\" data-element_type=\"column\">\n\t\t\t<div class=\"elementor-widget-wrap elementor-element-populated\">\n\t\t\t\t\t\t<div class=\"elementor-element elementor-element-36533094 elementor-widget elementor-widget-heading\" data-id=\"36533094\" data-element_type=\"widget\" data-widget_type=\"heading.default\">\n\t\t\t\t<div class=\"elementor-widget-container\">\n\t\t\t\t\t<h1 class=\"elementor-heading-title elementor-size-default\">Free parking<\/h1>\t\t\t\t<\/div>\n\t\t\t\t<\/div>\n\t\t\t\t<div class=\"elementor-element elementor-element-59bc3de0 elementor-widget elementor-widget-heading\" data-id=\"59bc3de0\" data-element_type=\"widget\" data-widget_type=\"heading.default\">\n\t\t\t\t<div class=\"elementor-widget-container\">\n\t\t\t\t\t<h2 class=\"elementor-heading-title elementor-size-default\">MARINA LOUNGE<\/h2>\t\t\t\t<\/div>\n\t\t\t\t<\/div>\n\t\t\t\t\t<\/div>\n\t\t<\/div>\n\t\t\t\t\t<\/div>\n\t\t<\/section>\n\t\t\t\t\t<\/div>\n\t\t<\/div>\n\t\t\t\t\t<\/div>\n\t\t<\/section>\n\t\t\t\t<section class=\"elementor-section elementor-top-section elementor-element elementor-element-558a46de elementor-section-boxed elementor-section-height-default elementor-section-height-default\" data-id=\"558a46de\" data-element_type=\"section\" data-settings=\"{&quot;background_background&quot;:&quot;classic&quot;}\">\n\t\t\t\t\t\t<div class=\"elementor-container elementor-column-gap-default\">\n\t\t\t\t\t<div class=\"elementor-column elementor-col-100 elementor-top-column elementor-element elementor-element-72e92c7f\" data-id=\"72e92c7f\" data-element_type=\"column\">\n\t\t\t<div class=\"elementor-widget-wrap elementor-element-populated\">\n\t\t\t\t\t\t<section class=\"elementor-section elementor-inner-section elementor-element elementor-element-500f024c elementor-section-boxed elementor-section-height-default elementor-section-height-default\" data-id=\"500f024c\" data-element_type=\"section\">\n\t\t\t\t\t\t<div class=\"elementor-container elementor-column-gap-default\">\n\t\t\t\t\t<div class=\"elementor-column elementor-col-100 elementor-inner-column elementor-element elementor-element-711eaea0 elementor-invisible\" data-id=\"711eaea0\" data-element_type=\"column\" data-settings=\"{&quot;animation&quot;:&quot;fadeIn&quot;,&quot;animation_delay&quot;:200}\">\n\t\t\t<div class=\"elementor-widget-wrap elementor-element-populated\">\n\t\t\t\t\t\t<div class=\"elementor-element elementor-element-1ecbc09b elementor-widget elementor-widget-heading\" data-id=\"1ecbc09b\" data-element_type=\"widget\" data-widget_type=\"heading.default\">\n\t\t\t\t<div class=\"elementor-widget-container\">\n\t\t\t\t\t<h2 class=\"elementor-heading-title elementor-size-default\">Do you have a rental car and don't know where to park?<\/h2>\t\t\t\t<\/div>\n\t\t\t\t<\/div>\n\t\t\t\t<div class=\"elementor-element elementor-element-5a0bae61 elementor-widget elementor-widget-text-editor\" data-id=\"5a0bae61\" data-element_type=\"widget\" data-widget_type=\"text-editor.default\">\n\t\t\t\t<div class=\"elementor-widget-container\">\n\t\t\t\t\t\t\t\t\t<p class=\"translation-block\">Here is the location of some free car parks in the city of Ponta Delgada, in the vicinity of our accommodations.<br>In addition to these suggestions, there is a possibility of paid car parks.<\/p>\t\t\t\t\t\t\t\t<\/div>\n\t\t\t\t<\/div>\n\t\t\t\t\t<\/div>\n\t\t<\/div>\n\t\t\t\t\t<\/div>\n\t\t<\/section>\n\t\t\t\t\t<\/div>\n\t\t<\/div>\n\t\t\t\t\t<\/div>\n\t\t<\/section>\n\t\t\t\t<section class=\"elementor-section elementor-top-section elementor-element elementor-element-1cede8af elementor-section-full_width elementor-section-height-default elementor-section-height-default\" data-id=\"1cede8af\" data-element_type=\"section\" data-settings=\"{&quot;animation&quot;:&quot;none&quot;}\">\n\t\t\t\t\t\t<div class=\"elementor-container elementor-column-gap-no\">\n\t\t\t\t\t<div class=\"elementor-column elementor-col-100 elementor-top-column elementor-element elementor-element-761ba7c1\" data-id=\"761ba7c1\" data-element_type=\"column\">\n\t\t\t<div class=\"elementor-widget-wrap elementor-element-populated\">\n\t\t\t\t\t\t<div class=\"elementor-element elementor-element-827adf3 elementor-widget elementor-widget-osm-map-elementor\" data-id=\"827adf3\" data-element_type=\"widget\" data-widget_type=\"osm-map-elementor.default\">\n\t\t\t\t<div class=\"elementor-widget-container\">\n\t\t\t\t\t<div id=\"osm-map-827adf3\" \n        class=\"osm-map-container\" \n        data-center=\"37.742518720448,-25.665328609655\"><\/div>        <script type=\"text\/javascript\">\n                    <\/script>\n        \t\t\t\t<\/div>\n\t\t\t\t<\/div>\n\t\t\t\t\t<\/div>\n\t\t<\/div>\n\t\t\t\t\t<\/div>\n\t\t<\/section>\n\t\t\t\t<\/div>","protected":false},"excerpt":{"rendered":"<p>Aqui tem a localiza\u00e7\u00e3o de alguns parques de estacionamento gratuitos na cidade de Ponta Delgada, nas imedia\u00e7\u00f5es dos nossos alojamentos.<\/p>","protected":false},"author":2,"featured_media":4471,"parent":0,"menu_order":7,"comment_status":"closed","ping_status":"closed","template":"","meta":{"footnotes":""},"class_list":["post-4465","page","type-page","status-publish","has-post-thumbnail","hentry"],"yoast_head":"<!-- This site is optimized with the Yoast SEO plugin v26.8 - https:\/\/yoast.com\/product\/yoast-seo-wordpress\/ -->\n<title>ESTACIONAMENTO - MARINA LOUNGE | S\u00e3o Miguel - Azores<\/title>\n<meta name=\"description\" content=\"Aqui tem a localiza\u00e7\u00e3o de alguns parques de estacionamento gratuitos na cidade de Ponta Delgada, nas imedia\u00e7\u00f5es dos nossos alojamentos.\" \/>\n<meta name=\"robots\" content=\"index, follow, max-snippet:-1, max-video-preview:-1, noimageindex\" \/>\n<link rel=\"canonical\" href=\"https:\/\/marinalounge.pt\/en\/parking\/\" \/>\n<meta property=\"og:locale\" content=\"en_GB\" \/>\n<meta property=\"og:type\" content=\"article\" \/>\n<meta property=\"og:title\" content=\"ESTACIONAMENTO - MARINA LOUNGE | S\u00e3o Miguel - Azores\" \/>\n<meta property=\"og:description\" content=\"Aqui tem a localiza\u00e7\u00e3o de alguns parques de estacionamento gratuitos na cidade de Ponta Delgada, nas imedia\u00e7\u00f5es dos nossos alojamentos.\" \/>\n<meta property=\"og:url\" content=\"https:\/\/marinalounge.pt\/en\/parking\/\" \/>\n<meta property=\"og:site_name\" content=\"MARINA LOUNGE | S\u00e3o Miguel - Azores\" \/>\n<meta property=\"article:modified_time\" content=\"2023-04-22T05:41:40+00:00\" \/>\n<meta property=\"og:image\" content=\"https:\/\/marinalounge.pt\/wp-content\/uploads\/2023\/04\/citywalkspdl.jpg\" \/>\n\t<meta property=\"og:image:width\" content=\"1920\" \/>\n\t<meta property=\"og:image:height\" content=\"1229\" \/>\n\t<meta property=\"og:image:type\" content=\"image\/jpeg\" \/>\n<meta name=\"twitter:card\" content=\"summary_large_image\" \/>\n<meta name=\"twitter:title\" content=\"ESTACIONAMENTO - MARINA LOUNGE | S\u00e3o Miguel - Azores\" \/>\n<meta name=\"twitter:description\" content=\"Aqui tem a localiza\u00e7\u00e3o de alguns parques de estacionamento gratuitos na cidade de Ponta Delgada, nas imedia\u00e7\u00f5es dos nossos alojamentos.\" \/>\n<meta name=\"twitter:image\" content=\"https:\/\/marinalounge.pt\/wp-content\/uploads\/2023\/04\/citywalkspdl.jpg\" \/>\n<meta name=\"twitter:label1\" content=\"Estimated reading time\" \/>\n\t<meta name=\"twitter:data1\" content=\"6 minutes\" \/>\n<script type=\"application\/ld+json\" class=\"yoast-schema-graph\">{\"@context\":\"https:\/\/schema.org\",\"@graph\":[{\"@type\":\"WebPage\",\"@id\":\"https:\/\/marinalounge.pt\/parking\/\",\"url\":\"https:\/\/marinalounge.pt\/parking\",\"name\":\"ESTACIONAMENTO - MARINA LOUNGE | S\u00e3o Miguel - Azores\",\"isPartOf\":{\"@id\":\"https:\/\/marinalounge.pt\/#website\"},\"primaryImageOfPage\":{\"@id\":\"https:\/\/marinalounge.pt\/parking#primaryimage\"},\"image\":{\"@id\":\"https:\/\/marinalounge.pt\/parking#primaryimage\"},\"thumbnailUrl\":\"https:\/\/marinalounge.pt\/wp-content\/uploads\/2023\/04\/citywalkspdl.jpg\",\"datePublished\":\"2023-04-21T19:33:26+00:00\",\"dateModified\":\"2023-04-22T05:41:40+00:00\",\"description\":\"Aqui tem a localiza\u00e7\u00e3o de alguns parques de estacionamento gratuitos na cidade de Ponta Delgada, nas imedia\u00e7\u00f5es dos nossos alojamentos.\",\"breadcrumb\":{\"@id\":\"https:\/\/marinalounge.pt\/parking#breadcrumb\"},\"inLanguage\":\"en-GB\",\"potentialAction\":[{\"@type\":\"ReadAction\",\"target\":[\"https:\/\/marinalounge.pt\/parking\"]}]},{\"@type\":\"ImageObject\",\"inLanguage\":\"en-GB\",\"@id\":\"https:\/\/marinalounge.pt\/parking#primaryimage\",\"url\":\"https:\/\/marinalounge.pt\/wp-content\/uploads\/2023\/04\/citywalkspdl.jpg\",\"contentUrl\":\"https:\/\/marinalounge.pt\/wp-content\/uploads\/2023\/04\/citywalkspdl.jpg\",\"width\":1920,\"height\":1229},{\"@type\":\"BreadcrumbList\",\"@id\":\"https:\/\/marinalounge.pt\/parking#breadcrumb\",\"itemListElement\":[{\"@type\":\"ListItem\",\"position\":1,\"name\":\"Home\",\"item\":\"https:\/\/marinalounge.pt\/\"},{\"@type\":\"ListItem\",\"position\":2,\"name\":\"ESTACIONAMENTO\"}]},{\"@type\":\"WebSite\",\"@id\":\"https:\/\/marinalounge.pt\/#website\",\"url\":\"https:\/\/marinalounge.pt\/\",\"name\":\"MARINA LOUNGE | S\u00e3o Miguel - Azores\",\"description\":\"O Marina Lounge \u00e9 um acolhedor e encantador alojamento local localizado em Ponta Delgada, na bonita ilha de S\u00e3o Miguel nos A\u00e7ores.\",\"publisher\":{\"@id\":\"https:\/\/marinalounge.pt\/#organization\"},\"potentialAction\":[{\"@type\":\"SearchAction\",\"target\":{\"@type\":\"EntryPoint\",\"urlTemplate\":\"https:\/\/marinalounge.pt\/?s={search_term_string}\"},\"query-input\":{\"@type\":\"PropertyValueSpecification\",\"valueRequired\":true,\"valueName\":\"search_term_string\"}}],\"inLanguage\":\"en-GB\"},{\"@type\":\"Organization\",\"@id\":\"https:\/\/marinalounge.pt\/#organization\",\"name\":\"MARINA LOUNGE | S\u00e3o Miguel - Azores\",\"url\":\"https:\/\/marinalounge.pt\/\",\"logo\":{\"@type\":\"ImageObject\",\"inLanguage\":\"en-GB\",\"@id\":\"https:\/\/marinalounge.pt\/#\/schema\/logo\/image\/\",\"url\":\"https:\/\/marinalounge.pt\/wp-content\/uploads\/2023\/04\/cropped-marinalounge2.png\",\"contentUrl\":\"https:\/\/marinalounge.pt\/wp-content\/uploads\/2023\/04\/cropped-marinalounge2.png\",\"width\":180,\"height\":92,\"caption\":\"MARINA LOUNGE | S\u00e3o Miguel - Azores\"},\"image\":{\"@id\":\"https:\/\/marinalounge.pt\/#\/schema\/logo\/image\/\"}}]}<\/script>\n<!-- \/ Yoast SEO plugin. -->","yoast_head_json":{"title":"ESTACIONAMENTO - MARINA LOUNGE | S\u00e3o Miguel - Azores","description":"Aqui tem a localiza\u00e7\u00e3o de alguns parques de estacionamento gratuitos na cidade de Ponta Delgada, nas imedia\u00e7\u00f5es dos nossos alojamentos.","robots":{"index":"index","follow":"follow","max-snippet":"max-snippet:-1","max-video-preview":"max-video-preview:-1","imageindex":"noimageindex"},"canonical":"https:\/\/marinalounge.pt\/en\/parking\/","og_locale":"en_GB","og_type":"article","og_title":"ESTACIONAMENTO - MARINA LOUNGE | S\u00e3o Miguel - Azores","og_description":"Aqui tem a localiza\u00e7\u00e3o de alguns parques de estacionamento gratuitos na cidade de Ponta Delgada, nas imedia\u00e7\u00f5es dos nossos alojamentos.","og_url":"https:\/\/marinalounge.pt\/en\/parking\/","og_site_name":"MARINA LOUNGE | S\u00e3o Miguel - Azores","article_modified_time":"2023-04-22T05:41:40+00:00","og_image":[{"width":1920,"height":1229,"url":"https:\/\/marinalounge.pt\/wp-content\/uploads\/2023\/04\/citywalkspdl.jpg","type":"image\/jpeg"}],"twitter_card":"summary_large_image","twitter_title":"ESTACIONAMENTO - MARINA LOUNGE | S\u00e3o Miguel - Azores","twitter_description":"Aqui tem a localiza\u00e7\u00e3o de alguns parques de estacionamento gratuitos na cidade de Ponta Delgada, nas imedia\u00e7\u00f5es dos nossos alojamentos.","twitter_image":"https:\/\/marinalounge.pt\/wp-content\/uploads\/2023\/04\/citywalkspdl.jpg","twitter_misc":{"Estimated reading time":"6 minutes"},"schema":{"@context":"https:\/\/schema.org","@graph":[{"@type":"WebPage","@id":"https:\/\/marinalounge.pt\/parking\/","url":"https:\/\/marinalounge.pt\/parking","name":"ESTACIONAMENTO - MARINA LOUNGE | S\u00e3o Miguel - Azores","isPartOf":{"@id":"https:\/\/marinalounge.pt\/#website"},"primaryImageOfPage":{"@id":"https:\/\/marinalounge.pt\/parking#primaryimage"},"image":{"@id":"https:\/\/marinalounge.pt\/parking#primaryimage"},"thumbnailUrl":"https:\/\/marinalounge.pt\/wp-content\/uploads\/2023\/04\/citywalkspdl.jpg","datePublished":"2023-04-21T19:33:26+00:00","dateModified":"2023-04-22T05:41:40+00:00","description":"Aqui tem a localiza\u00e7\u00e3o de alguns parques de estacionamento gratuitos na cidade de Ponta Delgada, nas imedia\u00e7\u00f5es dos nossos alojamentos.","breadcrumb":{"@id":"https:\/\/marinalounge.pt\/parking#breadcrumb"},"inLanguage":"en-GB","potentialAction":[{"@type":"ReadAction","target":["https:\/\/marinalounge.pt\/parking"]}]},{"@type":"ImageObject","inLanguage":"en-GB","@id":"https:\/\/marinalounge.pt\/parking#primaryimage","url":"https:\/\/marinalounge.pt\/wp-content\/uploads\/2023\/04\/citywalkspdl.jpg","contentUrl":"https:\/\/marinalounge.pt\/wp-content\/uploads\/2023\/04\/citywalkspdl.jpg","width":1920,"height":1229},{"@type":"BreadcrumbList","@id":"https:\/\/marinalounge.pt\/parking#breadcrumb","itemListElement":[{"@type":"ListItem","position":1,"name":"Home","item":"https:\/\/marinalounge.pt\/"},{"@type":"ListItem","position":2,"name":"ESTACIONAMENTO"}]},{"@type":"WebSite","@id":"https:\/\/marinalounge.pt\/#website","url":"https:\/\/marinalounge.pt\/","name":"MARINA LOUNGE | S\u00e3o Miguel - Azores","description":"O Marina Lounge \u00e9 um acolhedor e encantador alojamento local localizado em Ponta Delgada, na bonita ilha de S\u00e3o Miguel nos A\u00e7ores.","publisher":{"@id":"https:\/\/marinalounge.pt\/#organization"},"potentialAction":[{"@type":"SearchAction","target":{"@type":"EntryPoint","urlTemplate":"https:\/\/marinalounge.pt\/?s={search_term_string}"},"query-input":{"@type":"PropertyValueSpecification","valueRequired":true,"valueName":"search_term_string"}}],"inLanguage":"en-GB"},{"@type":"Organization","@id":"https:\/\/marinalounge.pt\/#organization","name":"MARINA LOUNGE | S\u00e3o Miguel - Azores","url":"https:\/\/marinalounge.pt\/","logo":{"@type":"ImageObject","inLanguage":"en-GB","@id":"https:\/\/marinalounge.pt\/#\/schema\/logo\/image\/","url":"https:\/\/marinalounge.pt\/wp-content\/uploads\/2023\/04\/cropped-marinalounge2.png","contentUrl":"https:\/\/marinalounge.pt\/wp-content\/uploads\/2023\/04\/cropped-marinalounge2.png","width":180,"height":92,"caption":"MARINA LOUNGE | S\u00e3o Miguel - Azores"},"image":{"@id":"https:\/\/marinalounge.pt\/#\/schema\/logo\/image\/"}}]}},"_links":{"self":[{"href":"https:\/\/marinalounge.pt\/en\/wp-json\/wp\/v2\/pages\/4465","targetHints":{"allow":["GET"]}}],"collection":[{"href":"https:\/\/marinalounge.pt\/en\/wp-json\/wp\/v2\/pages"}],"about":[{"href":"https:\/\/marinalounge.pt\/en\/wp-json\/wp\/v2\/types\/page"}],"author":[{"embeddable":true,"href":"https:\/\/marinalounge.pt\/en\/wp-json\/wp\/v2\/users\/2"}],"replies":[{"embeddable":true,"href":"https:\/\/marinalounge.pt\/en\/wp-json\/wp\/v2\/comments?post=4465"}],"version-history":[{"count":7,"href":"https:\/\/marinalounge.pt\/en\/wp-json\/wp\/v2\/pages\/4465\/revisions"}],"predecessor-version":[{"id":4809,"href":"https:\/\/marinalounge.pt\/en\/wp-json\/wp\/v2\/pages\/4465\/revisions\/4809"}],"wp:featuredmedia":[{"embeddable":true,"href":"https:\/\/marinalounge.pt\/en\/wp-json\/wp\/v2\/media\/4471"}],"wp:attachment":[{"href":"https:\/\/marinalounge.pt\/en\/wp-json\/wp\/v2\/media?parent=4465"}],"curies":[{"name":"wp","href":"https:\/\/api.w.org\/{rel}","templated":true}]}}